{"id":13,"date":"2013-09-16T13:33:36","date_gmt":"2013-09-16T11:33:36","guid":{"rendered":"http:\/\/www.instytut.diecezja.rzeszow.pl\/?page_id=13"},"modified":"2024-06-16T00:08:31","modified_gmt":"2024-06-15T22:08:31","slug":"kontakt","status":"publish","type":"page","link":"https:\/\/www.instytut.rzeszow.pl\/?page_id=13","title":{"rendered":"Kontakt"},"content":{"rendered":"<p style=\"text-align: center;\"><iframe loading=\"lazy\" style=\"border: 0;\" tabindex=\"0\" src=\"https:\/\/www.google.com\/maps\/embed?pb=!1m18!1m12!1m3!1d2563.0287328073046!2d22.04144241574364!3d50.029557425483304!2m3!1f0!2f0!3f0!3m2!1i1024!2i768!4f13.1!3m3!1m2!1s0x473cfa8eb98fd42f%3A0x85c8f68d62a386f5!2sInstytut%20Teologiczno-Pastoralny%20im.%20%C5%9Bw.%20J%C3%B3zefa%20S.%20Pelczara%2C%20Diecezjalne%20Studium%20Organistowskie!5e0!3m2!1spl!2spl!4v1598257665713!5m2!1spl!2spl\" width=\"100%\" height=\"250\" frameborder=\"0\" allowfullscreen=\"allowfullscreen\"><\/iframe><\/p>\n<p style=\"text-align: center;\">\n<h2 style=\"text-align: center;\">Instytut Teologiczno-Pastoralny<br \/>\nim. \u015bw. J\u00f3zefa Sebastiana Pelczara<\/h2>\n<p style=\"text-align: center;\">ul. Witolda 11a<br \/>\n35-302 Rzesz\u00f3w<\/p>\n<p style=\"text-align: center;\">tel. (17) 871-24-00 (centrala)<br \/>\ntel. (17) 871-24-03 (sekretariat)<br \/>\nfax (17) 871-24-06<br \/>\ne-mail: instyjsp@rzeszow.opoka.org.pl<br \/>\n<a title=\"www.instytut.rzeszow.pl\" href=\"https:\/\/www.instytut.rzeszow.pl\">www.instytut.rzeszow.pl<\/a><\/p>\n<p style=\"text-align: center;\"><span style=\"line-height: 1.5em;\">Sekretariat pok. D1.10 (I p.)<\/span><\/p>\n<p style=\"text-align: center;\">poniedzia\u0142ek &#8211; czwartek 9.00 &#8211; 13.00<br \/>\npi\u0105tek &#8211; nieczynne<br \/>\nsobota 8.00 &#8211; 12.00<\/p>\n<p style=\"text-align: center;\">tel. (17) 871-24-03, tel. (17) 871-24-00<br \/>\ne-mail: instyjsp@rzeszow.opoka.org.pl<\/p>\n<p style=\"text-align: center;\"><strong>Konto:<\/strong><\/p>\n<p style=\"text-align: center;\"><strong>PEKAO SA I\/O Rzesz\u00f3w <\/strong><\/p>\n<p style=\"text-align: center;\"><strong>52 1240 1792 1111 0000 1973 5214<\/strong><\/p>\n<h2 style=\"text-align: center;\">Biblioteka pok. D1.3 (I p.)<\/h2>\n<p style=\"text-align: center;\"><a href=\"http:\/\/www.biblioteka.wsd.rzeszow.pl\/\">http:\/\/www.biblioteka.wsd.rzeszow.pl\/<\/a><\/p>\n<p style=\"text-align: center;\">tel. (17) 871-24-00<\/p>\n<p style=\"text-align: center;\"><a href=\"mailto:biblioteka@wsd.rzeszow.pl\">biblioteka@wsd.rzeszow.pl<\/a> lub <a href=\"mailto:biblioitpiwsd.rzeszow@gmail.com\">biblioitpiwsd.rzeszow@gmail.com<\/a><\/p>\n<p style=\"text-align: center;\"><a title=\"koha.wsd.rzeszow.pl\" href=\"http:\/\/koha.wsd.rzeszow.pl\">Katalog internetowy biblioteki http:\/\/koha.wsd.rzeszow.pl<\/a><\/p>\n<p style=\"text-align: center;\">\n<iframe loading=\"lazy\" style=\"border: 0;\" src=\"https:\/\/www.google.com\/maps\/embed?pb=!4v1533037169517!6m8!1m7!1sCAoSLEFGMVFpcFBqVjROTWJDejNMRnpPYUZLOFVISGRPQ3p3QURVbWtuUE9IQTBs!2m2!1d50.02973784291017!2d22.04317447873927!3f79.29885301805028!4f13.726676004139392!5f0.4000000000000002\" width=\"100%\" height=\"450\" frameborder=\"0\" allowfullscreen=\"allowfullscreen\"><\/iframe><\/p>\n","protected":false},"excerpt":{"rendered":"<p>Instytut Teologiczno-Pastoralny im. \u015bw. J\u00f3zefa Sebastiana Pelczara ul. Witolda 11a 35-302 Rzesz\u00f3w tel. (17) 871-24-00 (centrala) tel. (17) 871-24-03 (sekretariat) fax (17) 871-24-06 e-mail: instyjsp@rzeszow.opoka.org.pl www.instytut.rzeszow.pl Sekretariat pok. D1.10 (I p.) poniedzia\u0142ek &#8211; czwartek 9.00 &#8211; 13.00 pi\u0105tek &#8211; nieczynne sobota 8.00 &#8211; 12.00 tel. (17) 871-24-03, tel. (17) 871-24-00 e-mail: instyjsp@rzeszow.opoka.org.pl Konto: PEKAO SA [&hellip;]<\/p>\n","protected":false},"author":7,"featured_media":0,"parent":0,"menu_order":0,"comment_status":"closed","ping_status":"closed","template":"","meta":{"site-container-style":"default","site-container-layout":"default","site-sidebar-layout":"default","disable-article-header":"default","disable-site-header":"default","disable-site-footer":"default","disable-content-area-spacing":"default","footnotes":""},"class_list":["post-13","page","type-page","status-publish","hentry"],"_links":{"self":[{"href":"https:\/\/www.instytut.rzeszow.pl\/index.php?rest_route=\/wp\/v2\/pages\/13","targetHints":{"allow":["GET"]}}],"collection":[{"href":"https:\/\/www.instytut.rzeszow.pl\/index.php?rest_route=\/wp\/v2\/pages"}],"about":[{"href":"https:\/\/www.instytut.rzeszow.pl\/index.php?rest_route=\/wp\/v2\/types\/page"}],"author":[{"embeddable":true,"href":"https:\/\/www.instytut.rzeszow.pl\/index.php?rest_route=\/wp\/v2\/users\/7"}],"replies":[{"embeddable":true,"href":"https:\/\/www.instytut.rzeszow.pl\/index.php?rest_route=%2Fwp%2Fv2%2Fcomments&post=13"}],"version-history":[{"count":7,"href":"https:\/\/www.instytut.rzeszow.pl\/index.php?rest_route=\/wp\/v2\/pages\/13\/revisions"}],"predecessor-version":[{"id":4174,"href":"https:\/\/www.instytut.rzeszow.pl\/index.php?rest_route=\/wp\/v2\/pages\/13\/revisions\/4174"}],"wp:attachment":[{"href":"https:\/\/www.instytut.rzeszow.pl\/index.php?rest_route=%2Fwp%2Fv2%2Fmedia&parent=13"}],"curies":[{"name":"wp","href":"https:\/\/api.w.org\/{rel}","templated":true}]}}