{"id":1500,"date":"2015-10-06T16:14:35","date_gmt":"2015-10-06T14:14:35","guid":{"rendered":"http:\/\/www.instytut.diecezja.rzeszow.pl\/?page_id=1500"},"modified":"2024-02-27T09:43:18","modified_gmt":"2024-02-27T08:43:18","slug":"uniwersytet-trzeciego-wieku-diecezji-rzeszowskiej","status":"publish","type":"page","link":"https:\/\/www.instytut.rzeszow.pl\/?page_id=1500","title":{"rendered":"Uniwersytet Trzeciego Wieku Diecezji Rzeszowskiej"},"content":{"rendered":"<p><strong>1. Terminy spotka\u0144 Uniwersytetu Trzeciego Wieku Diecezji Rzeszowskiej w roku akademickim 2022\/2023, semestr I:<\/strong><\/p>\n<ul>\n<li><b>24 wrze\u015bnia,\u00a0 sobota &#8211; <\/b>pielgrzymka do sanktuari\u00f3w po\u0142udnia Podkarpacia 7.00-20.00<\/li>\n<li><b>30 wrze\u015bnia, \u00a0pi\u0105tek &#8211;<\/b> biblijna sesja naukowa w Myczkowcach, pocz\u0105tek godz. 10.00, wyjazd godz. 7.30<\/li>\n<li><b>8 pa\u017adziernika, sobota &#8211; <\/b>inauguracja nowego roku akademickiego,<\/li>\n<li><b>22 pa\u017adziernika, sobota &#8211; <\/b>wyk\u0142ad z etyki i spotkanie z radiem VIA<\/li>\n<li><b>5 listopada, sobota &#8211;\u00a0\u00a0<\/b>Ewangelizacja przez Koncert Jednego Serca- Jednego Ducha\u00a0 i spotkanie z CM Medyk<\/li>\n<li><b>19 listopada, sobota &#8211;\u00a0<\/b>S\u0105d Biskupi\u00a0 i wyk\u0142ad z etyki<\/li>\n<li><b>3 grudnia, sobota &#8211;\u00a0 <\/b>Biblioteka Instytutu i\u00a0 CM Medyk<\/li>\n<li><b>17 grudnia, sobota\u00a0 &#8211; w<\/b>yk\u0142ad z etyki i\u00a0 spotkanie z Caritas Diecezji Rzeszowskiej<\/li>\n<li><b>7 stycznia, sobota &#8211;\u00a0<\/b>zwyczaje Bo\u017conarodzeniowe w rejonie Rzeszowskim\u00a0 i kol\u0119dnicy misyjni z Seminarium oraz rozstrzygni\u0119cie konkursu fotograficznego \u2013 Moja ulubiona \u015bwi\u0105tynia<\/li>\n<li><b>21 stycznia, sobota &#8211; w<\/b>yk\u0142ady z etyki \u2013 Cnoty i wady oraz ko\u015bcio\u0142y Rzeszowa \u2013 architektura, wyposa\u017cenie<\/li>\n<li><b>4 lutego koniec semestru I &#8211; <\/b>rola zakon\u00f3w w diecezji i\u00a0 spotkanie z CM Medyk<\/li>\n<\/ul>\n<p>&nbsp;<\/p>\n<p><strong>2. Ramowy plan\u00a0 spotka\u0144:<\/strong><\/p>\n<p>9.00-10.30 \u2013 blog religijny 10.30-11.00 \u2013 przerwa na kaw\u0119 i herbat\u0119; 11.00-11.30 \u2013 \u0107wiczenia gimnastyczne\u00a0 11.30-12.30\u00a0 \u2013 blok medyczny i kulturowy<\/p>\n<p><strong>3. Regulamin Uniwersytetu Trzeciego Wieku Diecezji Rzeszowskiej<\/strong><\/p>\n<p><em>Za\u0142\u0105czniki:<\/em> <a title=\"Regulamin UTWDRz\" href=\"https:\/\/www.instytut.rzeszow.pl\/wp-content\/uploads\/2014\/09\/Regulamin-UTWDRz.pdf\">Regulamin UTWDRz<\/a>\u00a0, <a title=\"Wz\u00f3r podania\" href=\"https:\/\/www.instytut.rzeszow.pl\/wp-content\/uploads\/2014\/09\/UTWDRz-podanie.pdf\">Wz\u00f3r podania<\/a><\/p>\n<p><strong>4. <strong>Op\u0142ata<\/strong> za semestr wynosi 80 z\u0142.<\/strong><\/p>\n<p>Op\u0142at\u0119 nale\u017cy uregulowa\u0107 na konto bankowe: Instytut Teologiczno-Pastoralny im. \u015bw. J\u00f3zefa Sebastiana Pelczara ul. Witolda 11a, 35-302 Rzesz\u00f3w PEKAO SA I\/ODDZIA\u0141 RZESZ\u00d3W 52124017921111000019735214<\/p>\n<p>Dodatkowe informacje mo\u017cna uzyska\u0107 w sekretariacie Instytutu Teologiczno-Pastoralnego w Rzeszowie,ul. Witolda 11a, 35-302 Rzesz\u00f3w tel. 17\/ 871-24-03<img loading=\"lazy\" decoding=\"async\" alt=\"\" src=\"skypec2c:\/\/r\/204\" width=\"0\" height=\"0\" \/>17\/ 871-24-03 e-mail: instyjsp@rzeszow.opoka.org.pl www.instytut.rzeszow.pl<\/p>\n","protected":false},"excerpt":{"rendered":"<p>1. Terminy spotka\u0144 Uniwersytetu Trzeciego Wieku Diecezji Rzeszowskiej w roku akademickim 2022\/2023, semestr I: 24 wrze\u015bnia,\u00a0 sobota &#8211; pielgrzymka do sanktuari\u00f3w po\u0142udnia Podkarpacia 7.00-20.00 30 wrze\u015bnia, \u00a0pi\u0105tek &#8211; biblijna sesja naukowa w Myczkowcach, pocz\u0105tek godz. 10.00, wyjazd godz. 7.30 8 pa\u017adziernika, sobota &#8211; inauguracja nowego roku akademickiego, 22 pa\u017adziernika, sobota &#8211; wyk\u0142ad z etyki i [&hellip;]<\/p>\n","protected":false},"author":2,"featured_media":0,"parent":0,"menu_order":0,"comment_status":"closed","ping_status":"closed","template":"","meta":{"site-container-style":"default","site-container-layout":"default","site-sidebar-layout":"default","disable-article-header":"default","disable-site-header":"default","disable-site-footer":"default","disable-content-area-spacing":"default","footnotes":""},"class_list":["post-1500","page","type-page","status-publish","hentry"],"_links":{"self":[{"href":"https:\/\/www.instytut.rzeszow.pl\/index.php?rest_route=\/wp\/v2\/pages\/1500","targetHints":{"allow":["GET"]}}],"collection":[{"href":"https:\/\/www.instytut.rzeszow.pl\/index.php?rest_route=\/wp\/v2\/pages"}],"about":[{"href":"https:\/\/www.instytut.rzeszow.pl\/index.php?rest_route=\/wp\/v2\/types\/page"}],"author":[{"embeddable":true,"href":"https:\/\/www.instytut.rzeszow.pl\/index.php?rest_route=\/wp\/v2\/users\/2"}],"replies":[{"embeddable":true,"href":"https:\/\/www.instytut.rzeszow.pl\/index.php?rest_route=%2Fwp%2Fv2%2Fcomments&post=1500"}],"version-history":[{"count":6,"href":"https:\/\/www.instytut.rzeszow.pl\/index.php?rest_route=\/wp\/v2\/pages\/1500\/revisions"}],"predecessor-version":[{"id":3869,"href":"https:\/\/www.instytut.rzeszow.pl\/index.php?rest_route=\/wp\/v2\/pages\/1500\/revisions\/3869"}],"wp:attachment":[{"href":"https:\/\/www.instytut.rzeszow.pl\/index.php?rest_route=%2Fwp%2Fv2%2Fmedia&parent=1500"}],"curies":[{"name":"wp","href":"https:\/\/api.w.org\/{rel}","templated":true}]}}