{"id":419,"date":"2014-01-27T18:49:40","date_gmt":"2014-01-27T17:49:40","guid":{"rendered":"http:\/\/www.instytut.diecezja.rzeszow.pl\/?page_id=419"},"modified":"2024-02-27T09:48:00","modified_gmt":"2024-02-27T08:48:00","slug":"osrodek-edukacji-nauczycieli-itp","status":"publish","type":"page","link":"https:\/\/www.instytut.rzeszow.pl\/?page_id=419","title":{"rendered":"O\u015brodek Edukacji Nauczycieli ITP"},"content":{"rendered":"<p style=\"text-align: justify;\">O\u015brodek Edukacji Nauczycieli Instytutu Teologiczno-Pastoralnego im. \u015bw. J\u00f3zefa Sebastiana Pelczara w Rzeszowie jest niepubliczn\u0105 plac\u00f3wk\u0105 doskonalenia nauczycieli. Nadz\u00f3r pedagogiczny nad O\u015brodkiem sprawuje Podkarpacki Kurator O\u015bwiaty. O\u015brodek ma swoj\u0105 siedzib\u0119 przy ulicy Witolda 11a, 35-302 Rzesz\u00f3w.<\/p>\n<p>O\u015brodek ma na celu:<\/p>\n<ul style=\"text-align: justify;\">\n<li>doskonalenie zawodowe nauczycieli, zw\u0142aszcza nauczycieli religii, dyrektor\u00f3w szk\u00f3\u0142 i plac\u00f3wek, pracownik \u00f3w urz\u0119du organu prowadz\u0105cego i pracownik\u00f3w urz\u0119du sprawuj\u0105cego nadz\u00f3r pedagogiczny;<\/li>\n<li>upowszechnienie wiedzy teologicznej, filozoficznej, pedagogicznej i humanistycznej w \u015brodowisku \u015bwiatowy.<\/li>\n<\/ul>\n<p style=\"text-align: justify;\">Dla osi\u0105gni\u0119cia cel\u00f3w O\u015brodek podejmuje nast\u0119puj\u0105ce zadania:<\/p>\n<ul>\n<li>tworzenie i realizacja program\u00f3w edukacyjnych dla nauczycieli, w tym szczeg\u00f3lnie nauczycieli religii, zw\u0142aszcza w zakresie wiedzy religijnej, etycznej i pedagogicznej;<\/li>\n<li>organizowanie i realizacja r\u00f3\u017cnorodnych form doskonalenia zawodowego, w tym seminari\u00f3w, konferencji, wyk\u0142ad\u00f3w, warsztat\u00f3w i szkole\u0144 dla nauczycieli, dyrektor\u00f3w szk\u00f3\u0142 i plac\u00f3wek, pracownik\u00f3w organ\u00f3w nadzoruj\u0105cych i prowadz\u0105cych jednostki edukacyjne oraz innych os\u00f3b;<\/li>\n<li>prowadzenie kurs\u00f3w kwalifikacyjnych dla nauczycieli za zgod\u0105 organu sprawuj\u0105cego nadz\u00f3r pedagogiczny;<\/li>\n<li>organizowanie i realizacja r\u00f3\u017cnorodnych form s\u0142u\u017c\u0105cych wymianie do\u015bwiadcze\u0144 oraz rozwijaniu wsp\u00f3\u0142pracy w \u015brodowisku o\u015bwiatowym;<\/li>\n<li>prowadzenie grupowych i indywidualnych zaj\u0119\u0107 s\u0142u\u017c\u0105cych osobistemu rozwojowi os\u00f3b;<\/li>\n<li>udzielanie konsultacji i wspieranie nauczycieli;<\/li>\n<li>organizowanie r\u00f3\u017cnorodnych form wsp\u00f3\u0142pracy i wymiany do\u015bwiadcze\u0144 kadry o\u015bwiatowej;<\/li>\n<li>opracowywanie i publikowanie materia\u0142\u00f3w informacyjnych i edukacyjnych;<\/li>\n<li>wsp\u00f3\u0142praca w zakresie doskonalenia nauczycieli z innymi partnerami krajowymi i zagranicznymi;<\/li>\n<li>inne zadania z zakresu doskonalenia nauczycieli zlecone przez organ prowadz\u0105cy.<\/li>\n<\/ul>\n<p>Osoby, kt\u00f3re uko\u0144czy\u0142y dan\u0105 form\u0119 edukacji nauczycieli, otrzymuj\u0105 za\u015bwiadczenie, kt\u00f3re zawiera nazw\u0119 i zakres uko\u0144czonej formy doskonalenia oraz \u0142\u0105czn\u0105 liczb\u0119 godzin zrealizowanych zaj\u0119\u0107. Uczestnik kursu kwalifikacyjnego po jego uko\u0144czeniu otrzymuje \u015bwiadectwo, wed\u0142ug wzoru okre\u015blonego w za\u0142\u0105czniku do rozporz\u0105dzenia w sprawie plac\u00f3wek doskonalenia nauczycieli.<\/p>\n<p>O\u015brodek prowadzi rejestr kurs\u00f3w kwalifikacyjnych i rejestr wydanych \u015bwiadectw.<\/p>\n<p>&nbsp;<\/p>\n","protected":false},"excerpt":{"rendered":"<p>O\u015brodek Edukacji Nauczycieli Instytutu Teologiczno-Pastoralnego im. \u015bw. J\u00f3zefa Sebastiana Pelczara w Rzeszowie jest niepubliczn\u0105 plac\u00f3wk\u0105 doskonalenia nauczycieli. Nadz\u00f3r pedagogiczny nad O\u015brodkiem sprawuje Podkarpacki Kurator O\u015bwiaty. O\u015brodek ma swoj\u0105 siedzib\u0119 przy ulicy Witolda 11a, 35-302 Rzesz\u00f3w. O\u015brodek ma na celu: doskonalenie zawodowe nauczycieli, zw\u0142aszcza nauczycieli religii, dyrektor\u00f3w szk\u00f3\u0142 i plac\u00f3wek, pracownik \u00f3w urz\u0119du organu prowadz\u0105cego i [&hellip;]<\/p>\n","protected":false},"author":7,"featured_media":0,"parent":0,"menu_order":0,"comment_status":"closed","ping_status":"closed","template":"","meta":{"site-container-style":"default","site-container-layout":"default","site-sidebar-layout":"default","disable-article-header":"default","disable-site-header":"default","disable-site-footer":"default","disable-content-area-spacing":"default","footnotes":""},"class_list":["post-419","page","type-page","status-publish","hentry"],"_links":{"self":[{"href":"https:\/\/www.instytut.rzeszow.pl\/index.php?rest_route=\/wp\/v2\/pages\/419","targetHints":{"allow":["GET"]}}],"collection":[{"href":"https:\/\/www.instytut.rzeszow.pl\/index.php?rest_route=\/wp\/v2\/pages"}],"about":[{"href":"https:\/\/www.instytut.rzeszow.pl\/index.php?rest_route=\/wp\/v2\/types\/page"}],"author":[{"embeddable":true,"href":"https:\/\/www.instytut.rzeszow.pl\/index.php?rest_route=\/wp\/v2\/users\/7"}],"replies":[{"embeddable":true,"href":"https:\/\/www.instytut.rzeszow.pl\/index.php?rest_route=%2Fwp%2Fv2%2Fcomments&post=419"}],"version-history":[{"count":5,"href":"https:\/\/www.instytut.rzeszow.pl\/index.php?rest_route=\/wp\/v2\/pages\/419\/revisions"}],"predecessor-version":[{"id":3880,"href":"https:\/\/www.instytut.rzeszow.pl\/index.php?rest_route=\/wp\/v2\/pages\/419\/revisions\/3880"}],"wp:attachment":[{"href":"https:\/\/www.instytut.rzeszow.pl\/index.php?rest_route=%2Fwp%2Fv2%2Fmedia&parent=419"}],"curies":[{"name":"wp","href":"https:\/\/api.w.org\/{rel}","templated":true}]}}